{"id":621,"date":"2014-06-24T11:20:02","date_gmt":"2014-06-24T10:20:02","guid":{"rendered":"https:\/\/www.lapallanterie.ch\/site\/?page_id=621"},"modified":"2018-03-06T12:43:34","modified_gmt":"2018-03-06T11:43:34","slug":"concours-poneys-vandoeuvres-juin-2014","status":"publish","type":"page","link":"http:\/\/www.lapallanterie.ch\/?page_id=621","title":{"rendered":"Concours 2015"},"content":{"rendered":"<div id='gallery-1' class='gallery galleryid-621 gallery-columns-3 gallery-size-thumbnail'><figure class='gallery-item'>\n\t\t\t<div class='gallery-icon portrait'>\n\t\t\t\t<a href='http:\/\/www.lapallanterie.ch\/?attachment_id=1050'><img loading=\"lazy\" decoding=\"async\" width=\"150\" height=\"150\" src=\"http:\/\/www.lapallanterie.ch\/wp-content\/uploads\/2014\/06\/22300_10153147379537911_5530389249627312559_n-150x150.jpg\" class=\"attachment-thumbnail size-thumbnail\" alt=\"\" \/><\/a>\n\t\t\t<\/div><\/figure>\n\t\t<\/div>\n\n<p><a href=\"http:\/\/www.lapallanterie.ch\/wp-content\/uploads\/2014\/06\/11377275_10153148458912911_1121749768844433736_n.jpg\"><img loading=\"lazy\" decoding=\"async\" class=\" wp-image-1051 alignright\" src=\"http:\/\/www.lapallanterie.ch\/wp-content\/uploads\/2014\/06\/11377275_10153148458912911_1121749768844433736_n-225x300.jpg\" alt=\"11377275_10153148458912911_1121749768844433736_n\" width=\"152\" height=\"203\" srcset=\"http:\/\/www.lapallanterie.ch\/wp-content\/uploads\/2014\/06\/11377275_10153148458912911_1121749768844433736_n-225x300.jpg 225w, http:\/\/www.lapallanterie.ch\/wp-content\/uploads\/2014\/06\/11377275_10153148458912911_1121749768844433736_n.jpg 720w\" sizes=\"auto, (max-width: 152px) 100vw, 152px\" \/><\/a><\/p>\n<h5 align=\"center\">Victoire de Chacha et Rocquery dans l \u00e9preuve PSR \u00e0 la Chaumaz<\/h5>\n<h4 style=\"text-align: center;\">3 \u00e8me place pour Tara et Swing dans l \u00e9preuve PSR \u00e0 la Chaumaz<\/h4>\n<h1 align=\"center\">&nbsp;<\/h1>\n<h1 align=\"center\">&nbsp;<\/h1>\n<h1 align=\"center\">&nbsp;<\/h1>\n<p>&nbsp;<\/p>\n<p style=\"text-align: left;\" align=\"center\">&nbsp;<\/p>\n","protected":false},"excerpt":{"rendered":"<p>Victoire de Chacha et Rocquery dans l \u00e9preuve PSR \u00e0 la Chaumaz 3 \u00e8me place pour Tara et Swing dans l \u00e9preuve PSR \u00e0 la Chaumaz &nbsp; &nbsp; &nbsp; &nbsp; &nbsp;<\/p>\n","protected":false},"author":1,"featured_media":0,"parent":829,"menu_order":0,"comment_status":"open","ping_status":"open","template":"","meta":{"ngg_post_thumbnail":0,"jetpack_post_was_ever_published":false,"footnotes":""},"class_list":["post-621","page","type-page","status-publish","hentry"],"jetpack_sharing_enabled":true,"jetpack_shortlink":"https:\/\/wp.me\/P5jCZw-a1","_links":{"self":[{"href":"http:\/\/www.lapallanterie.ch\/index.php?rest_route=\/wp\/v2\/pages\/621","targetHints":{"allow":["GET"]}}],"collection":[{"href":"http:\/\/www.lapallanterie.ch\/index.php?rest_route=\/wp\/v2\/pages"}],"about":[{"href":"http:\/\/www.lapallanterie.ch\/index.php?rest_route=\/wp\/v2\/types\/page"}],"author":[{"embeddable":true,"href":"http:\/\/www.lapallanterie.ch\/index.php?rest_route=\/wp\/v2\/users\/1"}],"replies":[{"embeddable":true,"href":"http:\/\/www.lapallanterie.ch\/index.php?rest_route=%2Fwp%2Fv2%2Fcomments&post=621"}],"version-history":[{"count":16,"href":"http:\/\/www.lapallanterie.ch\/index.php?rest_route=\/wp\/v2\/pages\/621\/revisions"}],"predecessor-version":[{"id":1347,"href":"http:\/\/www.lapallanterie.ch\/index.php?rest_route=\/wp\/v2\/pages\/621\/revisions\/1347"}],"up":[{"embeddable":true,"href":"http:\/\/www.lapallanterie.ch\/index.php?rest_route=\/wp\/v2\/pages\/829"}],"wp:attachment":[{"href":"http:\/\/www.lapallanterie.ch\/index.php?rest_route=%2Fwp%2Fv2%2Fmedia&parent=621"}],"curies":[{"name":"wp","href":"https:\/\/api.w.org\/{rel}","templated":true}]}}