{"id":28,"date":"2010-02-02T09:16:28","date_gmt":"2010-02-02T09:16:28","guid":{"rendered":"http:\/\/www.lapallanterie.ch\/wordpressfr\/?page_id=28"},"modified":"2016-12-02T13:04:55","modified_gmt":"2016-12-02T12:04:55","slug":"contact","status":"publish","type":"page","link":"http:\/\/www.lapallanterie.ch\/?page_id=28","title":{"rendered":"Contact"},"content":{"rendered":"<p><strong>Adresse :<\/strong><\/p>\n<p>233 Route de la Capite<br \/>\nCH-1222 V\u00e9senaz<\/p>\n<p><strong>T\u00e9l\u00e9phone :<\/strong> +41 22 752 38 44<br \/>\n<strong>T\u00e9l\u00e9copie :<\/strong> +41 22 752 46 14<\/p>\n<p><strong>E-mail:<\/strong><script type=\"text\/javascript\"><\/script><a href=\"mailto:info@lapallanterie.ch\">info@lapallanterie.ch<\/a><script type=\"text\/javascript\"><\/script><script type=\"text\/javascript\"><\/script><\/p>\n<p><strong>Plan de situation :<\/strong><\/p>\n<p><span style=\"font-family: Courier New;\">\n<!-- iframe plugin v.5.2 wordpress.org\/plugins\/iframe\/ -->\n<iframe loading=\"lazy\" 0=\"src=&quot;&lt;iframe\" src=\"https:\/\/www.google.com\/maps\/embed?pb=!1m14!1m8!1m3!1d5518.50138254494!2d6.2127645!3d46.2452439!3m2!1i1024!2i768!4f13.1!3m3!1m2!1s0x478c6f6c63a41165%3A0x4ecc93ea04ed67f4!2sMan%C3%A8ge+de+La+Pallanterie!5e0!3m2!1sfr!2sch!4v1480679436093\" width=\"600\" height=\"450\" frameborder=\"0\" style=\"border:0\" 1=\"allowfullscreen&gt;&lt;\/iframe&gt;&quot;\" scrolling=\"yes\" class=\"iframe-class\"><\/iframe>\n<\/span><\/p>\n<p>&nbsp;<\/p>\n","protected":false},"excerpt":{"rendered":"<p>Adresse : 233 Route de la Capite CH-1222 V\u00e9senaz T\u00e9l\u00e9phone : +41 22 752 38 44 T\u00e9l\u00e9copie : +41 22 752 46 14 E-mail:info@lapallanterie.ch Plan de situation : &nbsp;<\/p>\n","protected":false},"author":1,"featured_media":0,"parent":0,"menu_order":10,"comment_status":"closed","ping_status":"closed","template":"","meta":{"ngg_post_thumbnail":0,"jetpack_post_was_ever_published":false,"footnotes":""},"class_list":["post-28","page","type-page","status-publish","hentry"],"jetpack_sharing_enabled":true,"jetpack_shortlink":"https:\/\/wp.me\/P5jCZw-s","_links":{"self":[{"href":"http:\/\/www.lapallanterie.ch\/index.php?rest_route=\/wp\/v2\/pages\/28","targetHints":{"allow":["GET"]}}],"collection":[{"href":"http:\/\/www.lapallanterie.ch\/index.php?rest_route=\/wp\/v2\/pages"}],"about":[{"href":"http:\/\/www.lapallanterie.ch\/index.php?rest_route=\/wp\/v2\/types\/page"}],"author":[{"embeddable":true,"href":"http:\/\/www.lapallanterie.ch\/index.php?rest_route=\/wp\/v2\/users\/1"}],"replies":[{"embeddable":true,"href":"http:\/\/www.lapallanterie.ch\/index.php?rest_route=%2Fwp%2Fv2%2Fcomments&post=28"}],"version-history":[{"count":20,"href":"http:\/\/www.lapallanterie.ch\/index.php?rest_route=\/wp\/v2\/pages\/28\/revisions"}],"predecessor-version":[{"id":1284,"href":"http:\/\/www.lapallanterie.ch\/index.php?rest_route=\/wp\/v2\/pages\/28\/revisions\/1284"}],"wp:attachment":[{"href":"http:\/\/www.lapallanterie.ch\/index.php?rest_route=%2Fwp%2Fv2%2Fmedia&parent=28"}],"curies":[{"name":"wp","href":"https:\/\/api.w.org\/{rel}","templated":true}]}}