{"id":16,"date":"2010-02-02T09:13:31","date_gmt":"2010-02-02T09:13:31","guid":{"rendered":"http:\/\/www.lapallanterie.ch\/wordpressfr\/?page_id=16"},"modified":"2025-06-02T11:34:51","modified_gmt":"2025-06-02T09:34:51","slug":"tarifs-pensions-et-cours-2010","status":"publish","type":"page","link":"http:\/\/www.lapallanterie.ch\/?page_id=16","title":{"rendered":"TARIFS DES COURS"},"content":{"rendered":"\n<p><strong>T<\/strong>ARIFS DES PENSIONS (SUR DEMANDE)<\/p>\n\n\n<table style=\"height: 256px;\" width=\"480\" border=\"0\">\n<tbody>\n<tr>\n<td><strong>&nbsp;CHEVAUX \/ PONEYS DE MANEGE<br><\/strong><\/td>\n<td align=\"right\"><strong>&nbsp;Coupons ou CHF<\/strong><\/td>\n<\/tr>\n<tr>\n<td>&nbsp;Abonnement 10 coupons, valable 3 mois&nbsp;<\/td>\n<td align=\"right\">&nbsp;550<\/td>\n<\/tr>\n<tr>\n<td>&nbsp;Abonnement 20 coupons, valable 6 mois<\/td>\n<td align=\"right\">&nbsp;1050<\/td>\n<\/tr>\n<tr>\n<td>Abonnement 30 coupons, valable 12 mois<\/td>\n<td align=\"right\">1500<\/td>\n<\/tr>\n<tr>\n<td>&nbsp; &#8211; Cours Collectif de Base ou de Dressage<\/td>\n<td align=\"right\">1 coupon<\/td>\n<\/tr>\n<tr>\n<td>&nbsp; &#8211; Cours Collectif de Saut<\/td>\n<td align=\"right\">1 \u00bd coupons<\/td>\n<\/tr>\n<tr>\n<td>&nbsp; &#8211; Cours Priv\u00e9 de Dressage (env. \u00bd heure)<\/td>\n<td align=\"right\">&nbsp;2 coupons<\/td>\n<\/tr>\n<tr>\n<td>&nbsp; &#8211; Cours Priv\u00e9 de Saut (env. \u00bd heure)<\/td>\n<td align=\"right\">2 \u00bd coupons<\/td>\n<\/tr>\n<tr>\n<td>&nbsp; &#8211; Longe, Longe L\u00e2ch\u00e9e ou Test d\u2019aptitude (env. \u00bd heure)<\/td>\n<td align=\"right\">&nbsp;1 coupon<\/td>\n<\/tr>\n<tr>\n<td>&nbsp; &#8211; Concours<\/td>\n<td align=\"right\">selon forfait<\/td>\n<\/tr>\n<tr>\n<td>&nbsp; &#8211; Valeur du coupon sans abonnement<\/td>\n<td align=\"right\">65<\/td>\n<\/tr>\n<tr>\n<td>&nbsp; &#8211; Stage (lundi \u00e0 vendredi pendant les vacances scolaires repas inclus)<\/td>\n<td align=\"right\">700<\/td>\n<\/tr>\n<tr>\n<td>&nbsp;<\/td>\n<td align=\"right\">&nbsp;<\/td>\n<\/tr>\n<\/tbody>\n<\/table>\n<h6><sub><em>1) Les enfants sont accept\u00e9s dans les cours d\u00e8s 7 ans r\u00e9volus.<br>2) Le port de la bombe ou du casque est obligatoire pour tous les cours et gilet conseill\u00e9.<br>3) Enfants ou Adolescents de moins de 18 ans r\u00e9volus ne sont pas admis dans l\u2019enceinte du man\u00e8ge apr\u00e8s 20h00.<br>4) Le Man\u00e8ge n\u2019accepte pas les professeurs ext\u00e9rieurs, sauf entente avec la direction.<\/em><\/sub><\/h6>\n<hr size=\"1\">\n<p>&nbsp;<\/p>\n<table style=\"height: 184px;\" width=\"480\" border=\"0\">\n<tbody>\n<tr>\n<td>&nbsp;<strong>CHEVAUX \/ PONEYS DE PROPRIETAIRES<br><\/strong><\/td>\n<td align=\"right\"><strong>Coupons ou CHF <\/strong><\/td>\n<\/tr>\n<tr>\n<td>&nbsp;Abonnement 10 coupons, valable 3 mois<\/td>\n<td align=\"right\">450<\/td>\n<\/tr>\n<tr>\n<td>&nbsp;Abonnement 20 coupons, valable 6 mois<\/td>\n<td align=\"right\">800<\/td>\n<\/tr>\n<tr>\n<td>&nbsp;Abonnement 30 coupons, valable 12 mois<\/td>\n<td align=\"right\">1100<\/td>\n<\/tr>\n<tr>\n<td>&nbsp; &#8211; Cours Collectif de Dressage<\/td>\n<td align=\"right\">&nbsp;1 coupon<\/td>\n<\/tr>\n<tr>\n<td>&nbsp; &#8211; Cours Collectif de Saut<\/td>\n<td align=\"right\">&nbsp;1 \u00bd coupons<\/td>\n<\/tr>\n<tr>\n<td>&nbsp; &#8211; Cours Priv\u00e9 de Dressage env. \u00bd h.<\/td>\n<td align=\"right\">&nbsp;2 coupons<\/td>\n<\/tr>\n<tr>\n<td>&nbsp; &#8211; Cours Priv\u00e9 de Saut env. \u00bd h.<\/td>\n<td align=\"right\">&nbsp;2 \u00bd coupons<\/td>\n<\/tr>\n<tr>\n<td>&nbsp; &#8211; Valeur du coupon sans abonnement<\/td>\n<td align=\"right\">55<\/td>\n<\/tr>\n<\/tbody>\n<\/table>\n<p>&nbsp;<\/p>\n<hr size=\"1\">\n<p>&nbsp;<\/p>\n<table style=\"height: 264px;\" width=\"480\" border=\"0\">\n<tbody>\n<tr>\n<td><strong>CHEVAUX \/ PONEYS PROVENANT<br>D\u2019AUTRES MANEGES OU ECURIES<\/strong><\/td>\n<td><strong>Coupons ou CHF<\/strong><\/td>\n<\/tr>\n<tr>\n<td>Abonnement 10 coupons, valable 3 mois<\/td>\n<td align=\"right\">550<\/td>\n<\/tr>\n<tr>\n<td>&nbsp;Abonnement 20 coupons, valable 6 mois<\/td>\n<td align=\"right\">1050<\/td>\n<\/tr>\n<tr>\n<td>&nbsp;Abonnement 30 coupons, valable 12 mois<\/td>\n<td align=\"right\">1500<\/td>\n<\/tr>\n<tr>\n<td>&nbsp; &#8211; Cours Collectif de Dressage (d\u00e8s 3 personnes), par personne<\/td>\n<td align=\"right\">&nbsp;1 coupon<\/td>\n<\/tr>\n<tr>\n<td>&nbsp; &#8211; Cours Collectif de Saut&nbsp; (d\u00e8s 3 personnes), par personne<\/td>\n<td align=\"right\">&nbsp;1&nbsp; \u00bd&nbsp; coupons<\/td>\n<\/tr>\n<tr>\n<td>&nbsp; &#8211; Cours Priv\u00e9 de Dressage<\/td>\n<td align=\"right\">&nbsp;2 coupons<\/td>\n<\/tr>\n<tr>\n<td>&nbsp; &#8211; Cours Priv\u00e9 de Saut<\/td>\n<td align=\"right\">&nbsp;2 \u00bd coupons<\/td>\n<\/tr>\n<tr>\n<td>&nbsp; &#8211; Utilisation individuelle des Installations (sur r\u00e9servation, pr\u00e9avis 24h00)<\/td>\n<td align=\"right\">&nbsp;40 par cheval<\/td>\n<\/tr>\n<tr>\n<td>&nbsp; &#8211; Utilisation individuelle du Springgarten (sur r\u00e9servation, pr\u00e9avis 24h00)<\/td>\n<td align=\"right\">&nbsp;55 par cheval<\/td>\n<\/tr>\n<tr>\n<td>&nbsp;&#8211; Valeur du coupon sans abonnement<\/td>\n<td align=\"right\">65<\/td>\n<\/tr>\n<\/tbody>\n<\/table>","protected":false},"excerpt":{"rendered":"<p>TARIFS DES PENSIONS (SUR DEMANDE) &nbsp;CHEVAUX \/ PONEYS DE MANEGE &nbsp;Coupons ou CHF &nbsp;Abonnement 10 coupons, valable 3 mois&nbsp; &nbsp;550 &nbsp;Abonnement 20 coupons, valable 6 mois &nbsp;1050 Abonnement 30 coupons, valable 12 mois 1500 &nbsp; &#8211; Cours Collectif de Base ou de Dressage 1 coupon &nbsp; &#8211; Cours Collectif de Saut 1 \u00bd coupons &nbsp; &hellip; <a href=\"http:\/\/www.lapallanterie.ch\/?page_id=16\" class=\"more-link\">Continuer la lecture de <span class=\"screen-reader-text\">TARIFS DES COURS<\/span>  <span class=\"meta-nav\">&rarr;<\/span><\/a><\/p>\n","protected":false},"author":1,"featured_media":0,"parent":6,"menu_order":3,"comment_status":"closed","ping_status":"closed","template":"","meta":{"ngg_post_thumbnail":0,"jetpack_post_was_ever_published":false,"footnotes":""},"class_list":["post-16","page","type-page","status-publish","hentry"],"jetpack_sharing_enabled":true,"jetpack_shortlink":"https:\/\/wp.me\/P5jCZw-g","_links":{"self":[{"href":"http:\/\/www.lapallanterie.ch\/index.php?rest_route=\/wp\/v2\/pages\/16","targetHints":{"allow":["GET"]}}],"collection":[{"href":"http:\/\/www.lapallanterie.ch\/index.php?rest_route=\/wp\/v2\/pages"}],"about":[{"href":"http:\/\/www.lapallanterie.ch\/index.php?rest_route=\/wp\/v2\/types\/page"}],"author":[{"embeddable":true,"href":"http:\/\/www.lapallanterie.ch\/index.php?rest_route=\/wp\/v2\/users\/1"}],"replies":[{"embeddable":true,"href":"http:\/\/www.lapallanterie.ch\/index.php?rest_route=%2Fwp%2Fv2%2Fcomments&post=16"}],"version-history":[{"count":24,"href":"http:\/\/www.lapallanterie.ch\/index.php?rest_route=\/wp\/v2\/pages\/16\/revisions"}],"predecessor-version":[{"id":1503,"href":"http:\/\/www.lapallanterie.ch\/index.php?rest_route=\/wp\/v2\/pages\/16\/revisions\/1503"}],"up":[{"embeddable":true,"href":"http:\/\/www.lapallanterie.ch\/index.php?rest_route=\/wp\/v2\/pages\/6"}],"wp:attachment":[{"href":"http:\/\/www.lapallanterie.ch\/index.php?rest_route=%2Fwp%2Fv2%2Fmedia&parent=16"}],"curies":[{"name":"wp","href":"https:\/\/api.w.org\/{rel}","templated":true}]}}